{"id":209,"date":"2015-03-28T10:59:19","date_gmt":"2015-03-28T10:59:19","guid":{"rendered":"http:\/\/webriti.com\/demo\/wp\/appointment\/?page_id=6"},"modified":"2016-07-28T05:00:25","modified_gmt":"2016-07-28T05:00:25","slug":"about-us","status":"publish","type":"page","link":"https:\/\/www.it-uy.com\/index.php\/about-us\/","title":{"rendered":"Nosotros"},"content":{"rendered":"<p><a href=\"https:\/\/www.it-uy.com\/wp-content\/uploads\/2015\/03\/about.jpg\"><img loading=\"lazy\" decoding=\"async\" class=\"alignleft wp-image-182 size-full\" src=\"https:\/\/www.it-uy.com\/wp-content\/uploads\/2015\/03\/about.jpg\" alt=\"about\" width=\"560\" height=\"350\" srcset=\"https:\/\/www.it-uy.com\/wp-content\/uploads\/2015\/03\/about.jpg 560w, https:\/\/www.it-uy.com\/wp-content\/uploads\/2015\/03\/about-300x188.jpg 300w\" sizes=\"(max-width: 560px) 100vw, 560px\" \/><\/a><\/p>\n<p>IT-UY Soluciones S.R.L. es un emprendimiento uruguayo, que desde 2004 ofrece a sus clientes servicios de soporte t\u00e9cnico y consultor\u00eda integral en tecnolog\u00edas de la informaci\u00f3n.<\/p>\n<p>Dise\u00f1amos\u00a0servicios personalizados, flexibles y ajustados a las necesidades de cada empresa. Nuestro principal valor es la relaci\u00f3n de absoluta confianza que generamos con nuestros clientes, para lo cual contamos con un equipo altamente calificado y estable.<\/p>\n<p>Nuestra misi\u00f3n es ofrecer servicios integrales en tecnolog\u00edas de la informaci\u00f3n,\u00a0permitiendo a nuestros clientes concentrarse en sus procesos de negocio, mientras nosotros nos ocupamos de\u00a0la tecnolog\u00eda inform\u00e1tica sobre la cual est\u00e1n soportados.<\/p>\n","protected":false},"excerpt":{"rendered":"<p>IT-UY Soluciones S.R.L. es un emprendimiento uruguayo, que desde 2004 ofrece a sus clientes servicios de soporte t\u00e9cnico y consultor\u00eda integral en tecnolog\u00edas de la informaci\u00f3n. Dise\u00f1amos\u00a0servicios personalizados, flexibles y ajustados a las necesidades de cada empresa. Nuestro principal valor es la relaci\u00f3n de absoluta confianza que generamos con nuestros clientes, para lo cual contamos [&hellip;]<\/p>\n","protected":false},"author":1,"featured_media":0,"parent":0,"menu_order":0,"comment_status":"open","ping_status":"open","template":"about.php","meta":{"footnotes":""},"_links":{"self":[{"href":"https:\/\/www.it-uy.com\/index.php\/wp-json\/wp\/v2\/pages\/209"}],"collection":[{"href":"https:\/\/www.it-uy.com\/index.php\/wp-json\/wp\/v2\/pages"}],"about":[{"href":"https:\/\/www.it-uy.com\/index.php\/wp-json\/wp\/v2\/types\/page"}],"author":[{"embeddable":true,"href":"https:\/\/www.it-uy.com\/index.php\/wp-json\/wp\/v2\/users\/1"}],"replies":[{"embeddable":true,"href":"https:\/\/www.it-uy.com\/index.php\/wp-json\/wp\/v2\/comments?post=209"}],"version-history":[{"count":10,"href":"https:\/\/www.it-uy.com\/index.php\/wp-json\/wp\/v2\/pages\/209\/revisions"}],"predecessor-version":[{"id":260,"href":"https:\/\/www.it-uy.com\/index.php\/wp-json\/wp\/v2\/pages\/209\/revisions\/260"}],"wp:attachment":[{"href":"https:\/\/www.it-uy.com\/index.php\/wp-json\/wp\/v2\/media?parent=209"}],"curies":[{"name":"wp","href":"https:\/\/api.w.org\/{rel}","templated":true}]}}